{"id":2704,"date":"2021-01-06T16:22:24","date_gmt":"2021-01-06T19:22:24","guid":{"rendered":"http:\/\/sites.genialbox.com\/viamagna\/?page_id=2704"},"modified":"2021-01-06T16:22:24","modified_gmt":"2021-01-06T19:22:24","slug":"areas-de-atuacao","status":"publish","type":"page","link":"https:\/\/www.viamagna.com.br\/pt\/areas-de-atuacao\/","title":{"rendered":"\u00c1reas de Atua\u00e7\u00e3o"},"content":{"rendered":"<p><div class=\"fusion-fullwidth fullwidth-box fusion-builder-row-1 fusion-flex-container nonhundred-percent-fullwidth non-hundred-percent-height-scrolling\" style=\"background-color: #f7f4ef;background-position: center center;background-repeat: no-repeat;border-width: 0px 0px 0px 0px;border-color:#e2e2e2;border-style:solid;\" ><div class=\"fusion-builder-row fusion-row fusion-flex-align-items-flex-start\" style=\"max-width:1419.6px;margin-left: calc(-4% \/ 2 );margin-right: calc(-4% \/ 2 );\"><div class=\"fusion-layout-column fusion_builder_column fusion-builder-column-0 fusion_builder_column_1_3 1_3 fusion-flex-column fusion-animated\" data-animationType=\"fadeInUp\" data-animationDuration=\"0.8\" data-animationOffset=\"100%\"><div class=\"fusion-column-wrapper fusion-flex-justify-content-flex-start fusion-content-layout-column\" style=\"background-position:left top;background-repeat:no-repeat;-webkit-background-size:cover;-moz-background-size:cover;-o-background-size:cover;background-size:cover;padding: 0px 0px 0px 0px;\"><div ><span class=\" fusion-imageframe imageframe-none imageframe-1 hover-type-none\"><img width=\"800\" height=\"835\" title=\"banner_quemsomos-interno1\" src=\"https:\/\/www.viamagna.com.br\/pt\/wp-content\/uploads\/2020\/12\/banner_quemsomos-interno1.jpg\" data-orig-src=\"https:\/\/www.viamagna.com.br\/pt\/wp-content\/uploads\/2020\/12\/banner_quemsomos-interno1.jpg\" class=\"lazyload img-responsive wp-image-2488\" srcset=\"data:image\/svg+xml,%3Csvg%20xmlns%3D%27http%3A%2F%2Fwww.w3.org%2F2000%2Fsvg%27%20width%3D%27800%27%20height%3D%27835%27%20viewBox%3D%270%200%20800%20835%27%3E%3Crect%20width%3D%27800%27%20height%3D%273835%27%20fill-opacity%3D%220%22%2F%3E%3C%2Fsvg%3E\" data-srcset=\"https:\/\/www.viamagna.com.br\/pt\/wp-content\/uploads\/2020\/12\/banner_quemsomos-interno1-200x209.jpg 200w, https:\/\/www.viamagna.com.br\/pt\/wp-content\/uploads\/2020\/12\/banner_quemsomos-interno1-400x418.jpg 400w, https:\/\/www.viamagna.com.br\/pt\/wp-content\/uploads\/2020\/12\/banner_quemsomos-interno1-600x626.jpg 600w, https:\/\/www.viamagna.com.br\/pt\/wp-content\/uploads\/2020\/12\/banner_quemsomos-interno1.jpg 800w\" data-sizes=\"auto\" data-orig-sizes=\"(max-width: 880px) 100vw, 600px\" \/><\/span><\/div><\/div><\/div><style type=\"text\/css\">.fusion-body .fusion-builder-column-0{width:33.333333333333% !important;margin-top : 0px;margin-bottom : 20px;}.fusion-builder-column-0 > .fusion-column-wrapper {padding-top : 0px !important;padding-right : 0px !important;margin-right : 7.68%;padding-bottom : 0px !important;padding-left : 0px !important;margin-left : 5.76%;}@media only screen and (max-width:1100px) {.fusion-body .fusion-builder-column-0{width:33.333333333333% !important;}.fusion-builder-column-0 > .fusion-column-wrapper {margin-right : 7.68%;margin-left : 5.76%;}}@media only screen and (max-width:880px) {.fusion-body .fusion-builder-column-0{width:100% !important;}.fusion-builder-column-0 > .fusion-column-wrapper {margin-right : 1.92%;margin-left : 1.92%;}}<\/style><div class=\"fusion-layout-column fusion_builder_column fusion-builder-column-1 fusion_builder_column_2_3 2_3 fusion-flex-column fusion-animated\" data-animationType=\"fadeInUp\" data-animationDuration=\"1.0\" data-animationOffset=\"100%\"><div class=\"fusion-column-wrapper fusion-flex-justify-content-flex-start fusion-content-layout-column\" style=\"background-position:left top;background-repeat:no-repeat;-webkit-background-size:cover;-moz-background-size:cover;-o-background-size:cover;background-size:cover;padding: 0px 0px 0px 0px;\"><style type=\"text\/css\">@media only screen and (max-width:1100px) {.fusion-title.fusion-title-1{margin-top:10px!important;margin-bottom:5%!important;}}@media only screen and (max-width:880px) {.fusion-title.fusion-title-1{margin-top:10px!important;margin-bottom:10px!important;}}<\/style><div class=\"fusion-title title fusion-title-1 fusion-title-text fusion-title-size-two\" style=\"font-size:34px;margin-top:10px;margin-bottom:5%;\"><div class=\"title-sep-container title-sep-container-left fusion-no-large-visibility fusion-no-medium-visibility fusion-no-small-visibility\"><div class=\"title-sep sep-single sep-solid\" style=\"border-color:#cccccc;\"><\/div><\/div><h2 class=\"title-heading-left\" style=\"font-family:&quot;Oswald&quot;;font-weight:300;margin:0;font-size:1em;line-height:1.6em;color:#5074af;\">Compet\u00eancia empresarial<\/h2><div class=\"title-sep-container title-sep-container-right\"><div class=\"title-sep sep-single sep-solid\" style=\"border-color:#cccccc;\"><\/div><\/div><\/div><div class=\"fusion-separator fusion-no-large-visibility fusion-full-width-sep\" style=\"align-self: center;margin-left: auto;margin-right: auto;margin-bottom:3%;width:100%;\"><\/div><div class=\"fusion-text fusion-text-1 fusion-text-split-columns fusion-text-columns-2\" style=\" -webkit-column-count:2; -webkit-column-gap:9%; -webkit-column-width:250px; -moz-column-count:2; -moz-column-gap:9%; -moz-column-width:250px; column-count:2; column-gap:9%; column-width:250px;\"><p>Uma organiza\u00e7\u00e3o que expressa em seu comportamento coletivo uma identidade clara, harm\u00f4nica e consistente, refletindo o comportamento de pessoas orientadas por prop\u00f3sitos comuns. A trajet\u00f3ria da Via Magna \u00e9 marcada por uma gest\u00e3o profissional comprometida com seus valores e resultados. Compet\u00eancia empresarial, estrutura t\u00e9cnica e pessoal consistente, grande capacidade operacional e uma crescente carteira de clientes. A cada trabalho realizado, somam-se mais experi\u00eancias ao seu elenco, consolidando um nome forte em minera\u00e7\u00e3o, constru\u00e7\u00e3o civil, constru\u00e7\u00e3o pesada, concess\u00e3o rodovi\u00e1ria, ferrovia, saneamento b\u00e1sico e energia. A marca Via Magna, consolidada e forte no mercado, \u00e9 fruto da determina\u00e7\u00e3o de atender aos seus clientes, colaboradores e acionistas.<\/p>\n<\/div><div class=\"fusion-separator fusion-full-width-sep\" style=\"align-self: center;margin-left: auto;margin-right: auto;margin-bottom:3%;width:100%;\"><\/div><\/div><\/div><style type=\"text\/css\">.fusion-body .fusion-builder-column-1{width:66.666666666667% !important;margin-top : 0px;margin-bottom : 20px;}.fusion-builder-column-1 > .fusion-column-wrapper {padding-top : 0px !important;padding-right : 0px !important;margin-right : 2.88%;padding-bottom : 0px !important;padding-left : 0px !important;margin-left : 7.68%;}@media only screen and (max-width:1100px) {.fusion-body .fusion-builder-column-1{width:66.666666666667% !important;}.fusion-builder-column-1 > .fusion-column-wrapper {margin-right : 2.88%;margin-left : 7.68%;}}@media only screen and (max-width:880px) {.fusion-body .fusion-builder-column-1{width:100% !important;}.fusion-builder-column-1 > .fusion-column-wrapper {margin-right : 1.92%;margin-left : 1.92%;}}<\/style><\/div><style type=\"text\/css\">.fusion-body .fusion-flex-container.fusion-builder-row-1{ padding-top : 100px;margin-top : 0px;padding-right : 30px;padding-bottom : 100px;margin-bottom : 0px;padding-left : 30px;}<\/style><\/div><div class=\"fusion-fullwidth fullwidth-box fusion-builder-row-2 fusion-flex-container nonhundred-percent-fullwidth non-hundred-percent-height-scrolling\" style=\"background-color: #ffffff;background-position: center center;background-repeat: no-repeat;border-width: 0px 0px 0px 0px;border-color:#e2e2e2;border-style:solid;\" ><div class=\"fusion-builder-row fusion-row fusion-flex-align-items-center fusion-flex-justify-content-center\" style=\"max-width:calc( 1365px + 0px );margin-left: calc(-0px \/ 2 );margin-right: calc(-0px \/ 2 );\"><div class=\"fusion-layout-column fusion_builder_column fusion-builder-column-2 fusion_builder_column_2_3 2_3 fusion-flex-column fusion-animated\" data-animationType=\"fadeInUp\" data-animationDuration=\"1.0\" data-animationOffset=\"100%\"><div class=\"fusion-column-wrapper fusion-flex-justify-content-flex-start fusion-content-layout-column\" style=\"background-position:left top;background-repeat:no-repeat;-webkit-background-size:cover;-moz-background-size:cover;-o-background-size:cover;background-size:cover;padding: 0px 0px 0px 0px;\"><style type=\"text\/css\">@media only screen and (max-width:1100px) {.fusion-title.fusion-title-2{margin-top:10px!important;margin-bottom:5%!important;}}@media only screen and (max-width:880px) {.fusion-title.fusion-title-2{margin-top:10px!important;margin-bottom:10px!important;}}<\/style><div class=\"fusion-title title fusion-title-2 fusion-title-center fusion-title-text fusion-title-size-two\" style=\"font-size:46px;margin-top:10px;margin-bottom:5%;\"><div class=\"title-sep-container title-sep-container-left\"><div class=\"title-sep sep-single sep-solid\" style=\"border-color:#5074af;\"><\/div><\/div><h2 class=\"title-heading-center\" style=\"font-family:&quot;Oswald&quot;;font-weight:300;margin:0;font-size:1em;line-height:1.6em;color:#5074af;\">Miss\u00e3o<\/h2><div class=\"title-sep-container title-sep-container-right\"><div class=\"title-sep sep-single sep-solid\" style=\"border-color:#5074af;\"><\/div><\/div><\/div><div class=\"fusion-text fusion-text-2\" style=\"font-size:22px;color:#828282;\"><p style=\"text-align: center;\">Promover o desenvolvimento atrav\u00e9s da execu\u00e7\u00e3o de projetos e obras de engenharia, com alto padr\u00e3o de qualidade, agilidade, seguran\u00e7a, Gest\u00e3o Empresarial e ambiental, criando e explorando com compet\u00eancia, agregando valor para seus clientes, colaboradores e acionistas.<\/p>\n<\/div><\/div><\/div><style type=\"text\/css\">.fusion-body .fusion-builder-column-2{width:66.666666666667% !important;margin-top : 0px;margin-bottom : 20px;}.fusion-builder-column-2 > .fusion-column-wrapper {padding-top : 0px !important;padding-right : 0px !important;margin-right : 0px;padding-bottom : 0px !important;padding-left : 0px !important;margin-left : calc( 0.08 * calc( 100% - 0px ) );}@media only screen and (max-width:1100px) {.fusion-body .fusion-builder-column-2{width:66.666666666667% !important;}.fusion-builder-column-2 > .fusion-column-wrapper {margin-right : 0px;margin-left : calc( 0.08 * calc( 100% - 0px ) );}}@media only screen and (max-width:880px) {.fusion-body .fusion-builder-column-2{width:100% !important;}.fusion-builder-column-2 > .fusion-column-wrapper {margin-right : 0px;margin-left : 0px;}}<\/style><\/div><style type=\"text\/css\">.fusion-body .fusion-flex-container.fusion-builder-row-2{ padding-top : 100px;margin-top : 0px;padding-right : 30px;padding-bottom : 100px;margin-bottom : 0px;padding-left : 30px;}<\/style><\/div><\/p>\n","protected":false},"excerpt":{"rendered":"","protected":false},"author":1,"featured_media":2514,"parent":0,"menu_order":0,"comment_status":"closed","ping_status":"closed","template":"100-width.php","meta":[],"_links":{"self":[{"href":"https:\/\/www.viamagna.com.br\/pt\/wp-json\/wp\/v2\/pages\/2704"}],"collection":[{"href":"https:\/\/www.viamagna.com.br\/pt\/wp-json\/wp\/v2\/pages"}],"about":[{"href":"https:\/\/www.viamagna.com.br\/pt\/wp-json\/wp\/v2\/types\/page"}],"author":[{"embeddable":true,"href":"https:\/\/www.viamagna.com.br\/pt\/wp-json\/wp\/v2\/users\/1"}],"replies":[{"embeddable":true,"href":"https:\/\/www.viamagna.com.br\/pt\/wp-json\/wp\/v2\/comments?post=2704"}],"version-history":[{"count":1,"href":"https:\/\/www.viamagna.com.br\/pt\/wp-json\/wp\/v2\/pages\/2704\/revisions"}],"predecessor-version":[{"id":2705,"href":"https:\/\/www.viamagna.com.br\/pt\/wp-json\/wp\/v2\/pages\/2704\/revisions\/2705"}],"wp:featuredmedia":[{"embeddable":true,"href":"https:\/\/www.viamagna.com.br\/pt\/wp-json\/wp\/v2\/media\/2514"}],"wp:attachment":[{"href":"https:\/\/www.viamagna.com.br\/pt\/wp-json\/wp\/v2\/media?parent=2704"}],"curies":[{"name":"wp","href":"https:\/\/api.w.org\/{rel}","templated":true}]}}